{"id":32,"date":"2016-05-25T18:55:48","date_gmt":"2016-05-25T16:55:48","guid":{"rendered":"https:\/\/herzogfriedrich.wordpress.com\/?page_id=32"},"modified":"2025-09-18T09:04:54","modified_gmt":"2025-09-18T07:04:54","slug":"anfahrt","status":"publish","type":"page","link":"https:\/\/herzog-friedrich.de\/da\/anfahrt\/","title":{"rendered":"Anreise"},"content":{"rendered":"<p><strong>S\u00e5dan finder De os:<\/strong><\/p>\n<p><iframe loading=\"lazy\" style=\"border: 0;\" src=\"https:\/\/www.google.com\/maps\/embed?pb=!1m18!1m12!1m3!1d2323.8294497036795!2d9.08770971598894!3d54.377663004661486!2m3!1f0!2f0!3f0!3m2!1i1024!2i768!4f13.1!3m3!1m2!1s0x47b381188613c6a1%3A0x549449338b8a2c46!2sHotel+Herzog+Friedrich!5e0!3m2!1sde!2sde!4v1466749201169\" width=\"100%\" height=\"450\" frameborder=\"0\" allowfullscreen=\"allowfullscreen\"><\/iframe><\/p>\n<p><u>I Bil<\/u><br \/>\n<strong>Fra Hamburg Stellingen (syd) :<\/strong><br \/>\nP\u00e5 A7 mod Husum \/ Heide \/ Flensburg &#8211; Forts\u00e6t p\u00e5 A 23 &#8211; forts\u00e6tte p\u00e5 B5 i retning Husum \/ Friedrichstadt \u2013 Frak\u00f8rsel Friedrichstadt p\u00e5 B 202 \u2013 f\u00f8lg hovedvejen (T\u00f6nninger Str.) &#8211; i slutningen af Friedrichstadt drejes til venstre mod Kiel og f\u00f8lg vejen B 202 &#8211; n\u00e6ste vej til venstre (Schleswiger Str.) &#8211; for enden af vejen k\u00f8res til h\u00f8jre ind i Schmiedestra\u00dfe.<\/p>\n<p><strong>Nordfra (Schleswig \/ Jagel):<\/strong><br \/>\nA7 frak\u00f8rsel Schleswig Jagel &#8211; mod Klein Rheide &#8211; for enden af denne vej drejes til h\u00f8jre mod Norderstapel \/ Friedrichstadt &#8211; i Norderstapel f\u00f8lges retningen mod Friedrichstadt p\u00e5 B202 &#8211; i Friedrichstadt f\u00f8rst vej til h\u00f8jre (Schleswiger Str.) &#8211; for enden k\u00f8res ind i Schmiedestra\u00dfe.<\/p>\n<p><u>Med bus og tog<\/u><br \/>\n<strong>inden for Friedrichstadt:<\/strong><br \/>\nMod markedspladsen &#8211; derfra lige over stenbroen til Stadtfeld \u2013 ved den tredje kryds ligger vores hotel p\u00e5 h\u00f8jre hj\u00f8rne af Schmiedestrasse\/ Am Stadtfeld ( v\u00e6r opm\u00e6rksom p\u00e5 at fra denne side er der en Jernbane).<\/p>","protected":false},"excerpt":{"rendered":"<p>S\u00e5dan finder De os: I Bil Fra Hamburg Stellingen (syd) : P\u00e5 A7 mod Husum \/ Heide \/ Flensburg &#8211; Forts\u00e6t p\u00e5 A 23 &#8211; forts\u00e6tte p\u00e5 B5 i retning Husum \/ Friedrichstadt \u2013 Frak\u00f8rsel Friedrichstadt p\u00e5 B 202 \u2013 f\u00f8lg hovedvejen (T\u00f6nninger Str.) &#8211; i slutningen af Friedrichstadt drejes til venstre mod Kiel og [&hellip;]<\/p>\n","protected":false},"author":1,"featured_media":33,"parent":0,"menu_order":0,"comment_status":"closed","ping_status":"closed","template":"fullwidth-page.php","meta":{"footnotes":""},"class_list":["post-32","page","type-page","status-publish","has-post-thumbnail","hentry"],"yoast_head":"<!-- This site is optimized with the Yoast SEO plugin v25.9 - https:\/\/yoast.com\/wordpress\/plugins\/seo\/ -->\n<title>Anreise Hotel Herzog Friedrich<\/title>\n<meta name=\"description\" content=\"(Deutsch) So finden Sie uns: Anfahrt mit Auto, Bus &amp; Bahn \u2013 alle Wege zum Hotel Herzog Friedrich in Friedrichstadt einfach erkl\u00e4rt.\" \/>\n<meta name=\"robots\" content=\"index, follow, max-snippet:-1, max-image-preview:large, max-video-preview:-1\" \/>\n<link rel=\"canonical\" href=\"https:\/\/herzog-friedrich.de\/anfahrt\/\" \/>\n<meta property=\"og:locale\" content=\"da_DK\" \/>\n<meta property=\"og:type\" content=\"article\" \/>\n<meta property=\"og:title\" content=\"Anreise Hotel Herzog Friedrich\" \/>\n<meta property=\"og:description\" content=\"{:de}So finden Sie uns: Anfahrt mit Auto, Bus &amp; Bahn \u2013 alle Wege zum Hotel Herzog Friedrich in Friedrichstadt einfach erkl\u00e4rt.{:}\" \/>\n<meta property=\"og:url\" content=\"https:\/\/herzog-friedrich.de\/anfahrt\/\" \/>\n<meta property=\"og:site_name\" content=\"Hotel Herzog Friedrich\" \/>\n<meta property=\"article:modified_time\" content=\"2025-09-18T07:04:54+00:00\" \/>\n<meta property=\"og:image\" content=\"https:\/\/herzog-friedrich.de\/wp-content\/uploads\/2016\/05\/hoteleingang-friedrichstadt.jpg\" \/>\n\t<meta property=\"og:image:width\" content=\"1920\" \/>\n\t<meta property=\"og:image:height\" content=\"1080\" \/>\n\t<meta property=\"og:image:type\" content=\"image\/jpeg\" \/>\n<meta name=\"twitter:card\" content=\"summary_large_image\" \/>\n<meta name=\"twitter:label1\" content=\"Estimeret l\u00e6setid\" \/>\n\t<meta name=\"twitter:data1\" content=\"1 minut\" \/>\n<script type=\"application\/ld+json\" class=\"yoast-schema-graph\">{\"@context\":\"https:\/\/schema.org\",\"@graph\":[{\"@type\":\"Article\",\"@id\":\"https:\/\/herzog-friedrich.de\/anfahrt\/#article\",\"isPartOf\":{\"@id\":\"https:\/\/herzog-friedrich.de\/anfahrt\/\"},\"author\":{\"name\":\"ahrens@new-media-works.de\",\"@id\":\"https:\/\/herzog-friedrich.de\/#\/schema\/person\/9395c5f931a823c1845ff65b42f30d12\"},\"headline\":\"Anreise\",\"datePublished\":\"2016-05-25T16:55:48+00:00\",\"dateModified\":\"2025-09-18T07:04:54+00:00\",\"mainEntityOfPage\":{\"@id\":\"https:\/\/herzog-friedrich.de\/anfahrt\/\"},\"wordCount\":658,\"publisher\":{\"@id\":\"https:\/\/herzog-friedrich.de\/#organization\"},\"image\":{\"@id\":\"https:\/\/herzog-friedrich.de\/anfahrt\/#primaryimage\"},\"thumbnailUrl\":\"https:\/\/herzog-friedrich.de\/wp-content\/uploads\/2016\/05\/hoteleingang-friedrichstadt.jpg\",\"inLanguage\":\"da-DK\"},{\"@type\":\"WebPage\",\"@id\":\"https:\/\/herzog-friedrich.de\/anfahrt\/\",\"url\":\"https:\/\/herzog-friedrich.de\/anfahrt\/\",\"name\":\"Anreise Hotel Herzog Friedrich\",\"isPartOf\":{\"@id\":\"https:\/\/herzog-friedrich.de\/#website\"},\"primaryImageOfPage\":{\"@id\":\"https:\/\/herzog-friedrich.de\/anfahrt\/#primaryimage\"},\"image\":{\"@id\":\"https:\/\/herzog-friedrich.de\/anfahrt\/#primaryimage\"},\"thumbnailUrl\":\"https:\/\/herzog-friedrich.de\/wp-content\/uploads\/2016\/05\/hoteleingang-friedrichstadt.jpg\",\"datePublished\":\"2016-05-25T16:55:48+00:00\",\"dateModified\":\"2025-09-18T07:04:54+00:00\",\"description\":\"{:de}So finden Sie uns: Anfahrt mit Auto, Bus & Bahn \u2013 alle Wege zum Hotel Herzog Friedrich in Friedrichstadt einfach erkl\u00e4rt.{:}\",\"breadcrumb\":{\"@id\":\"https:\/\/herzog-friedrich.de\/anfahrt\/#breadcrumb\"},\"inLanguage\":\"da-DK\",\"potentialAction\":[{\"@type\":\"ReadAction\",\"target\":[\"https:\/\/herzog-friedrich.de\/anfahrt\/\"]}]},{\"@type\":\"ImageObject\",\"inLanguage\":\"da-DK\",\"@id\":\"https:\/\/herzog-friedrich.de\/anfahrt\/#primaryimage\",\"url\":\"https:\/\/herzog-friedrich.de\/wp-content\/uploads\/2016\/05\/hoteleingang-friedrichstadt.jpg\",\"contentUrl\":\"https:\/\/herzog-friedrich.de\/wp-content\/uploads\/2016\/05\/hoteleingang-friedrichstadt.jpg\",\"width\":1920,\"height\":1080},{\"@type\":\"BreadcrumbList\",\"@id\":\"https:\/\/herzog-friedrich.de\/anfahrt\/#breadcrumb\",\"itemListElement\":[{\"@type\":\"ListItem\",\"position\":1,\"name\":\"Startseite\",\"item\":\"https:\/\/herzog-friedrich.de\/\"},{\"@type\":\"ListItem\",\"position\":2,\"name\":\"Anreise\"}]},{\"@type\":\"WebSite\",\"@id\":\"https:\/\/herzog-friedrich.de\/#website\",\"url\":\"https:\/\/herzog-friedrich.de\/\",\"name\":\"Hotel Herzog Friedrich\",\"description\":\"&quot;Det er alt g\u00e6stfrihed dybeste betyder, at vi giver p\u00e5 vej til den evige hjemmeholdets fangst.&quot;\",\"publisher\":{\"@id\":\"https:\/\/herzog-friedrich.de\/#organization\"},\"potentialAction\":[{\"@type\":\"SearchAction\",\"target\":{\"@type\":\"EntryPoint\",\"urlTemplate\":\"https:\/\/herzog-friedrich.de\/?s={search_term_string}\"},\"query-input\":{\"@type\":\"PropertyValueSpecification\",\"valueRequired\":true,\"valueName\":\"search_term_string\"}}],\"inLanguage\":\"da-DK\"},{\"@type\":\"Organization\",\"@id\":\"https:\/\/herzog-friedrich.de\/#organization\",\"name\":\"Hotel Herzog Friedrich\",\"url\":\"https:\/\/herzog-friedrich.de\/\",\"logo\":{\"@type\":\"ImageObject\",\"inLanguage\":\"da-DK\",\"@id\":\"https:\/\/herzog-friedrich.de\/#\/schema\/logo\/image\/\",\"url\":\"https:\/\/herzog-friedrich.de\/wp-content\/uploads\/2016\/05\/cropped-hotel-herzog-friedrich-1.png\",\"contentUrl\":\"https:\/\/herzog-friedrich.de\/wp-content\/uploads\/2016\/05\/cropped-hotel-herzog-friedrich-1.png\",\"width\":145,\"height\":202,\"caption\":\"Hotel Herzog Friedrich\"},\"image\":{\"@id\":\"https:\/\/herzog-friedrich.de\/#\/schema\/logo\/image\/\"}},{\"@type\":\"Person\",\"@id\":\"https:\/\/herzog-friedrich.de\/#\/schema\/person\/9395c5f931a823c1845ff65b42f30d12\",\"name\":\"ahrens@new-media-works.de\",\"url\":\"https:\/\/herzog-friedrich.de\/da\/author\/admin_nmw\/\"}]}<\/script>\n<!-- \/ Yoast SEO plugin. -->","yoast_head_json":{"title":"Anreise Hotel Herzog Friedrich","description":"(Deutsch) So finden Sie uns: Anfahrt mit Auto, Bus & Bahn \u2013 alle Wege zum Hotel Herzog Friedrich in Friedrichstadt einfach erkl\u00e4rt.","robots":{"index":"index","follow":"follow","max-snippet":"max-snippet:-1","max-image-preview":"max-image-preview:large","max-video-preview":"max-video-preview:-1"},"canonical":"https:\/\/herzog-friedrich.de\/anfahrt\/","og_locale":"da_DK","og_type":"article","og_title":"Anreise Hotel Herzog Friedrich","og_description":"{:de}So finden Sie uns: Anfahrt mit Auto, Bus & Bahn \u2013 alle Wege zum Hotel Herzog Friedrich in Friedrichstadt einfach erkl\u00e4rt.{:}","og_url":"https:\/\/herzog-friedrich.de\/anfahrt\/","og_site_name":"Hotel Herzog Friedrich","article_modified_time":"2025-09-18T07:04:54+00:00","og_image":[{"width":1920,"height":1080,"url":"https:\/\/herzog-friedrich.de\/wp-content\/uploads\/2016\/05\/hoteleingang-friedrichstadt.jpg","type":"image\/jpeg"}],"twitter_card":"summary_large_image","twitter_misc":{"Estimeret l\u00e6setid":"1 minut"},"schema":{"@context":"https:\/\/schema.org","@graph":[{"@type":"Article","@id":"https:\/\/herzog-friedrich.de\/anfahrt\/#article","isPartOf":{"@id":"https:\/\/herzog-friedrich.de\/anfahrt\/"},"author":{"name":"ahrens@new-media-works.de","@id":"https:\/\/herzog-friedrich.de\/#\/schema\/person\/9395c5f931a823c1845ff65b42f30d12"},"headline":"Anreise","datePublished":"2016-05-25T16:55:48+00:00","dateModified":"2025-09-18T07:04:54+00:00","mainEntityOfPage":{"@id":"https:\/\/herzog-friedrich.de\/anfahrt\/"},"wordCount":658,"publisher":{"@id":"https:\/\/herzog-friedrich.de\/#organization"},"image":{"@id":"https:\/\/herzog-friedrich.de\/anfahrt\/#primaryimage"},"thumbnailUrl":"https:\/\/herzog-friedrich.de\/wp-content\/uploads\/2016\/05\/hoteleingang-friedrichstadt.jpg","inLanguage":"da-DK"},{"@type":"WebPage","@id":"https:\/\/herzog-friedrich.de\/anfahrt\/","url":"https:\/\/herzog-friedrich.de\/anfahrt\/","name":"Anreise Hotel Herzog Friedrich","isPartOf":{"@id":"https:\/\/herzog-friedrich.de\/#website"},"primaryImageOfPage":{"@id":"https:\/\/herzog-friedrich.de\/anfahrt\/#primaryimage"},"image":{"@id":"https:\/\/herzog-friedrich.de\/anfahrt\/#primaryimage"},"thumbnailUrl":"https:\/\/herzog-friedrich.de\/wp-content\/uploads\/2016\/05\/hoteleingang-friedrichstadt.jpg","datePublished":"2016-05-25T16:55:48+00:00","dateModified":"2025-09-18T07:04:54+00:00","description":"{:de}So finden Sie uns: Anfahrt mit Auto, Bus & Bahn \u2013 alle Wege zum Hotel Herzog Friedrich in Friedrichstadt einfach erkl\u00e4rt.{:}","breadcrumb":{"@id":"https:\/\/herzog-friedrich.de\/anfahrt\/#breadcrumb"},"inLanguage":"da-DK","potentialAction":[{"@type":"ReadAction","target":["https:\/\/herzog-friedrich.de\/anfahrt\/"]}]},{"@type":"ImageObject","inLanguage":"da-DK","@id":"https:\/\/herzog-friedrich.de\/anfahrt\/#primaryimage","url":"https:\/\/herzog-friedrich.de\/wp-content\/uploads\/2016\/05\/hoteleingang-friedrichstadt.jpg","contentUrl":"https:\/\/herzog-friedrich.de\/wp-content\/uploads\/2016\/05\/hoteleingang-friedrichstadt.jpg","width":1920,"height":1080},{"@type":"BreadcrumbList","@id":"https:\/\/herzog-friedrich.de\/anfahrt\/#breadcrumb","itemListElement":[{"@type":"ListItem","position":1,"name":"Startseite","item":"https:\/\/herzog-friedrich.de\/"},{"@type":"ListItem","position":2,"name":"Anreise"}]},{"@type":"WebSite","@id":"https:\/\/herzog-friedrich.de\/#website","url":"https:\/\/herzog-friedrich.de\/","name":"Hotel Herzog Friedrich","description":"&quot;Det er alt g\u00e6stfrihed dybeste betyder, at vi giver p\u00e5 vej til den evige hjemmeholdets fangst.&quot;","publisher":{"@id":"https:\/\/herzog-friedrich.de\/#organization"},"potentialAction":[{"@type":"SearchAction","target":{"@type":"EntryPoint","urlTemplate":"https:\/\/herzog-friedrich.de\/?s={search_term_string}"},"query-input":{"@type":"PropertyValueSpecification","valueRequired":true,"valueName":"search_term_string"}}],"inLanguage":"da-DK"},{"@type":"Organization","@id":"https:\/\/herzog-friedrich.de\/#organization","name":"Hotel Herzog Friedrich","url":"https:\/\/herzog-friedrich.de\/","logo":{"@type":"ImageObject","inLanguage":"da-DK","@id":"https:\/\/herzog-friedrich.de\/#\/schema\/logo\/image\/","url":"https:\/\/herzog-friedrich.de\/wp-content\/uploads\/2016\/05\/cropped-hotel-herzog-friedrich-1.png","contentUrl":"https:\/\/herzog-friedrich.de\/wp-content\/uploads\/2016\/05\/cropped-hotel-herzog-friedrich-1.png","width":145,"height":202,"caption":"Hotel Herzog Friedrich"},"image":{"@id":"https:\/\/herzog-friedrich.de\/#\/schema\/logo\/image\/"}},{"@type":"Person","@id":"https:\/\/herzog-friedrich.de\/#\/schema\/person\/9395c5f931a823c1845ff65b42f30d12","name":"ahrens@new-media-works.de","url":"https:\/\/herzog-friedrich.de\/da\/author\/admin_nmw\/"}]}},"_links":{"self":[{"href":"https:\/\/herzog-friedrich.de\/da\/wp-json\/wp\/v2\/pages\/32","targetHints":{"allow":["GET"]}}],"collection":[{"href":"https:\/\/herzog-friedrich.de\/da\/wp-json\/wp\/v2\/pages"}],"about":[{"href":"https:\/\/herzog-friedrich.de\/da\/wp-json\/wp\/v2\/types\/page"}],"author":[{"embeddable":true,"href":"https:\/\/herzog-friedrich.de\/da\/wp-json\/wp\/v2\/users\/1"}],"replies":[{"embeddable":true,"href":"https:\/\/herzog-friedrich.de\/da\/wp-json\/wp\/v2\/comments?post=32"}],"version-history":[{"count":8,"href":"https:\/\/herzog-friedrich.de\/da\/wp-json\/wp\/v2\/pages\/32\/revisions"}],"predecessor-version":[{"id":1054,"href":"https:\/\/herzog-friedrich.de\/da\/wp-json\/wp\/v2\/pages\/32\/revisions\/1054"}],"wp:featuredmedia":[{"embeddable":true,"href":"https:\/\/herzog-friedrich.de\/da\/wp-json\/wp\/v2\/media\/33"}],"wp:attachment":[{"href":"https:\/\/herzog-friedrich.de\/da\/wp-json\/wp\/v2\/media?parent=32"}],"curies":[{"name":"wp","href":"https:\/\/api.w.org\/{rel}","templated":true}]}}