{"id":504,"date":"2016-09-04T19:41:48","date_gmt":"2016-09-04T17:41:48","guid":{"rendered":"http:\/\/herzog-friedrich.de\/?page_id=504"},"modified":"2025-09-18T09:12:02","modified_gmt":"2025-09-18T07:12:02","slug":"buchungsanfrage","status":"publish","type":"page","link":"https:\/\/herzog-friedrich.de\/da\/buchungsanfrage\/","title":{"rendered":"Booking Anmodning"},"content":{"rendered":"<p><strong><em>K\u00e6re G\u00e6st.<\/em><\/strong><\/p>\n<p style=\"padding-left: 30px;\"><em>For at reservere et v\u00e6relse i vores hus tilbyder vi dig at komme i kontakt via vores formularen her p\u00e5 denne side til at kontakte os.<\/em><\/p>\n<p style=\"padding-left: 30px;\"><em>Alternativt kan du ringe til os. Telefonnummeret du finder under <a href=\"http:\/\/herzog-friedrich.de\/kontakt\/\">Kontakt<\/a>.<\/em><\/p>\n<p><strong><em>Din Familie Schaefer, Hotel Herzog Friedrich<\/em><\/strong><\/p>\n<hr \/>\n<h3>Booking Anmodning:<\/h3>\n<p>\n<div class=\"wpcf7 no-js\" id=\"wpcf7-f446-o2\" lang=\"de-DE\" dir=\"ltr\" data-wpcf7-id=\"446\">\n<div class=\"screen-reader-response\"><p role=\"status\" aria-live=\"polite\" aria-atomic=\"true\"><\/p> <ul><\/ul><\/div>\n<form action=\"\/da\/wp-json\/wp\/v2\/pages\/504#wpcf7-f446-o2\" method=\"post\" class=\"wpcf7-form init\" aria-label=\"Kontaktformular\" novalidate=\"novalidate\" data-status=\"init\">\n<fieldset class=\"hidden-fields-container\"><input type=\"hidden\" name=\"_wpcf7\" value=\"446\" \/><input type=\"hidden\" name=\"_wpcf7_version\" value=\"6.1.1\" \/><input type=\"hidden\" name=\"_wpcf7_locale\" value=\"de_DE\" \/><input type=\"hidden\" name=\"_wpcf7_unit_tag\" value=\"wpcf7-f446-o2\" \/><input type=\"hidden\" name=\"_wpcf7_container_post\" value=\"0\" \/><input type=\"hidden\" name=\"_wpcf7_posted_data_hash\" value=\"\" \/>\n<\/fieldset>\n<table border=0>\n\t<tr>\n\t\t<td width=340px>\n\t\t\t<p>Hvorn\u00e5r vil du gerne ankomme?\n\t\t\t<\/p>\n\t\t<\/td>\n\t\t<td>\n\t\t\t<p><span class=\"wpcf7-form-control-wrap\" data-name=\"Anreise\"><input size=\"12\" maxlength=\"400\" class=\"wpcf7-form-control wpcf7-text\" aria-invalid=\"false\" placeholder=\"TT.MM.YYYY\" value=\"\" type=\"text\" name=\"Anreise\" \/><\/span>\n\t\t\t<\/p>\n\t\t<\/td>\n\t<\/tr>\n\t<tr>\n\t\t<td>\n\t\t\t<p>Hvor mange n\u00e6tter du \u00f8nsker at bo?\n\t\t\t<\/p>\n\t\t<\/td>\n\t\t<td>\n\t\t\t<p><span class=\"wpcf7-form-control-wrap\" data-name=\"Naechte\"><select class=\"wpcf7-form-control wpcf7-select\" aria-invalid=\"false\" name=\"Naechte\"><option value=\"1\">1<\/option><option value=\"2\">2<\/option><option value=\"3\">3<\/option><option value=\"4\">4<\/option><option value=\"5\">5<\/option><option value=\"6\">6<\/option><option value=\"7\">7<\/option><option value=\"8\">8<\/option><option value=\"9\">9<\/option><option value=\"10\">10<\/option><option value=\"11\">11<\/option><option value=\"12\">12<\/option><option value=\"13\">13<\/option><option value=\"14\">14<\/option><option value=\"l\u00e4nger als 14\">l\u00e4nger als 14<\/option><option value=\"V\u00e6lg venligst\">V\u00e6lg venligst<\/option><\/select><\/span>\n\t\t\t<\/p>\n\t\t<\/td>\n\t<\/tr>\n\t<tr>\n\t\t<td>\n\t\t<\/td>\n\t<\/tr>\n\t<tr>\n\t\t<td>\n\t\t\t<p>Hvor mange dobbeltv\u00e6relser har du brug for?\n\t\t\t<\/p>\n\t\t<\/td>\n\t\t<td>\n\t\t\t<p><span class=\"wpcf7-form-control-wrap\" data-name=\"Doppelzimmer\"><select class=\"wpcf7-form-control wpcf7-select\" aria-invalid=\"false\" name=\"Doppelzimmer\"><option value=\"-\">-<\/option><option value=\"1\">1<\/option><option value=\"2\">2<\/option><option value=\"3\">3<\/option><option value=\"4\">4<\/option><option value=\"5\">5<\/option><option value=\"mehr als 5\">mehr als 5<\/option><option value=\"V\u00e6lg venligst\">V\u00e6lg venligst<\/option><\/select><\/span>\n\t\t\t<\/p>\n\t\t<\/td>\n\t<\/tr>\n\t<tr>\n\t\t<td>\n\t\t\t<p>Hvor mange enkelt v\u00e6relser har du brug for?\n\t\t\t<\/p>\n\t\t<\/td>\n\t\t<td>\n\t\t\t<p><span class=\"wpcf7-form-control-wrap\" data-name=\"Einzelzimmer\"><select class=\"wpcf7-form-control wpcf7-select\" aria-invalid=\"false\" name=\"Einzelzimmer\"><option value=\"-\">-<\/option><option value=\"1\">1<\/option><option value=\"2\">2<\/option><option value=\"3\">3<\/option><option value=\"4\">4<\/option><option value=\"5\">5<\/option><option value=\"mehr als 5\">mehr als 5<\/option><option value=\"V\u00e6lg venligst\">V\u00e6lg venligst<\/option><\/select><\/span>\n\t\t\t<\/p>\n\t\t<\/td>\n\t<\/tr>\n<\/table>\n<table border=0>\n\t<tr>\n\t\t<td width=200px>\n\t\t\t<p>Dit navn*:\n\t\t\t<\/p>\n\t\t<\/td>\n\t\t<td>\n\t\t\t<p><span class=\"wpcf7-form-control-wrap\" data-name=\"your-name\"><input size=\"35\" maxlength=\"400\" class=\"wpcf7-form-control wpcf7-text wpcf7-validates-as-required\" aria-required=\"true\" aria-invalid=\"false\" value=\"\" type=\"text\" name=\"your-name\" \/><\/span>\n\t\t\t<\/p>\n\t\t<\/td>\n\t<\/tr>\n\t<tr>\n\t\t<td>\n\t\t\t<p>Din e-mail-adresse*:\n\t\t\t<\/p>\n\t\t<\/td>\n\t\t<td>\n\t\t\t<p><span class=\"wpcf7-form-control-wrap\" data-name=\"your-email\"><input size=\"35\" maxlength=\"400\" class=\"wpcf7-form-control wpcf7-email wpcf7-validates-as-required wpcf7-text wpcf7-validates-as-email\" aria-required=\"true\" aria-invalid=\"false\" value=\"\" type=\"email\" name=\"your-email\" \/><\/span>\n\t\t\t<\/p>\n\t\t<\/td>\n\t<\/tr>\n\t<tr>\n\t\t<td>\n\t\t\t<p>Dit telefonnummer*:\n\t\t\t<\/p>\n\t\t<\/td>\n\t\t<td>\n\t\t\t<p><span class=\"wpcf7-form-control-wrap\" data-name=\"Telefon\"><input size=\"35\" maxlength=\"400\" class=\"wpcf7-form-control wpcf7-tel wpcf7-validates-as-required wpcf7-text wpcf7-validates-as-tel\" aria-required=\"true\" aria-invalid=\"false\" value=\"\" type=\"tel\" name=\"Telefon\" \/><\/span>\n\t\t\t<\/p>\n\t\t<\/td>\n\t<\/tr>\n\t<tr>\n\t\t<td>\n\t\t\t<p>Gade*:\n\t\t\t<\/p>\n\t\t<\/td>\n\t\t<td>\n\t\t\t<p><span class=\"wpcf7-form-control-wrap\" data-name=\"Strasse\"><input size=\"35\" maxlength=\"400\" class=\"wpcf7-form-control wpcf7-text wpcf7-validates-as-required\" aria-required=\"true\" aria-invalid=\"false\" value=\"\" type=\"text\" name=\"Strasse\" \/><\/span>\n\t\t\t<\/p>\n\t\t<\/td>\n\t<\/tr>\n\t<tr>\n\t\t<td>\n\t\t\t<p>Postnummer \/ Sted*:\n\t\t\t<\/p>\n\t\t<\/td>\n\t\t<td>\n\t\t\t<p><span class=\"wpcf7-form-control-wrap\" data-name=\"Plz\"><input size=\"8\" maxlength=\"400\" class=\"wpcf7-form-control wpcf7-text wpcf7-validates-as-required\" aria-required=\"true\" aria-invalid=\"false\" value=\"\" type=\"text\" name=\"Plz\" \/><\/span> \/ <span class=\"wpcf7-form-control-wrap\" data-name=\"Ort\"><input size=\"20\" maxlength=\"400\" class=\"wpcf7-form-control wpcf7-text wpcf7-validates-as-required\" aria-required=\"true\" aria-invalid=\"false\" value=\"\" type=\"text\" name=\"Ort\" \/><\/span>\n\t\t\t<\/p>\n\t\t<\/td>\n\t<\/tr>\n\t<tr>\n\t\t<td>\n\t\t\t<p>Land:\n\t\t\t<\/p>\n\t\t<\/td>\n\t\t<td>\n\t\t\t<p><span class=\"wpcf7-form-control-wrap\" data-name=\"Land\"><input size=\"35\" maxlength=\"400\" class=\"wpcf7-form-control wpcf7-text\" aria-invalid=\"false\" value=\"\" type=\"text\" name=\"Land\" \/><\/span>\n\t\t\t<\/p>\n\t\t<\/td>\n\t<\/tr>\n\t<tr>\n\t<\/tr>\n\t<tr>\n\t\t<td>\n\t\t\t<p>\u00d8nsker os noget andet at fort\u00e6lle?\n\t\t\t<\/p>\n\t\t<\/td>\n\t\t<td>\n\t\t\t<p><span class=\"wpcf7-form-control-wrap\" data-name=\"Nachricht\"><textarea cols=\"40\" rows=\"3\" maxlength=\"2000\" class=\"wpcf7-form-control wpcf7-textarea\" aria-invalid=\"false\" name=\"Nachricht\"><\/textarea><\/span>\n\t\t\t<\/p>\n\t\t<\/td>\n\t<\/tr>\n\t<tr>\n\t\t<td colspan=2>\n\t\t\t<p><span class=\"wpcf7-form-control-wrap\" data-name=\"acceptance-466\"><span class=\"wpcf7-form-control wpcf7-acceptance\"><span class=\"wpcf7-list-item\"><label><input type=\"checkbox\" name=\"acceptance-466\" value=\"1\" aria-invalid=\"false\" \/><span class=\"wpcf7-list-item-label\"><b>Bekr\u00e6ft venligst, at du accepterer opbevaring af dataene!<\/b>\n\nVi vil gerne p\u00e5pege, at ved at sende denne formular, sendes en mail til vores email adresse info@herzog-friedrich.de.Denne email bliver gemt af os i overensstemmelse med vores <a href=\"http:\/\/herzog-friedrich.de\/impressum\/\"> Politik til beskyttelse af personlige oplysninger <\/a>, indtil du er i kontakt med os.<\/span><\/label><\/span><\/span><\/span>\n\t\t\t<\/p>\n\t\t\t<p>&nbsp;\n\t\t\t<\/p>\n\t\t<\/td>\n\t<\/tr>\n\t<tr>\n\t\t<td>\n\t\t\t<p><span id=\"wpcf7-69dec54c9423c-wrapper\" class=\"wpcf7-form-control-wrap website-wrap\" ><input id=\"wpcf7-69dec54c9423c-field\"  placeholder=\"Website\"  class=\"wpcf7-form-control wpcf7-text\" type=\"text\" name=\"website\" value=\"\" size=\"40\" tabindex=\"-1\" autocomplete=\"off\" \/><\/span><br \/>\n<input class=\"wpcf7-form-control wpcf7-submit has-spinner\" type=\"submit\" value=\"sende\" \/>\n\t\t\t<\/p>\n\t\t<\/td>\n\t<\/tr>\n<\/table><div class=\"wpcf7-response-output\" aria-hidden=\"true\"><\/div>\n<\/form>\n<\/div>\n<\/p>","protected":false},"excerpt":{"rendered":"<p>K\u00e6re G\u00e6st. For at reservere et v\u00e6relse i vores hus tilbyder vi dig at komme i kontakt via vores formularen her p\u00e5 denne side til at kontakte os. Alternativt kan du ringe til os. Telefonnummeret du finder under Kontakt. Din Familie Schaefer, Hotel Herzog Friedrich Booking Anmodning:<\/p>\n","protected":false},"author":1,"featured_media":0,"parent":0,"menu_order":0,"comment_status":"closed","ping_status":"closed","template":"","meta":{"footnotes":""},"class_list":["post-504","page","type-page","status-publish","hentry"],"yoast_head":"<!-- This site is optimized with the Yoast SEO plugin v25.9 - https:\/\/yoast.com\/wordpress\/plugins\/seo\/ -->\n<title>Buchungsanfrage \u2013 Hotel Herzog Friedrich, Friedrichstadt<\/title>\n<meta name=\"description\" content=\"(Deutsch) Reservieren Sie Ihr Zimmer im Hotel Herzog Friedrich: Nutzen Sie unser Anfrageformular f\u00fcr Doppel- oder Einzelzimmer. Wir freuen uns auf Ihre Anfrage!\" \/>\n<meta name=\"robots\" content=\"index, follow, max-snippet:-1, max-image-preview:large, max-video-preview:-1\" \/>\n<link rel=\"canonical\" href=\"https:\/\/herzog-friedrich.de\/buchungsanfrage\/\" \/>\n<meta property=\"og:locale\" content=\"da_DK\" \/>\n<meta property=\"og:type\" content=\"article\" \/>\n<meta property=\"og:title\" content=\"Buchungsanfrage \u2013 Hotel Herzog Friedrich, Friedrichstadt\" \/>\n<meta property=\"og:description\" content=\"{:de}Reservieren Sie Ihr Zimmer im Hotel Herzog Friedrich: Nutzen Sie unser Anfrageformular f\u00fcr Doppel- oder Einzelzimmer. Wir freuen uns auf Ihre Anfrage!{:}\" \/>\n<meta property=\"og:url\" content=\"https:\/\/herzog-friedrich.de\/buchungsanfrage\/\" \/>\n<meta property=\"og:site_name\" content=\"Hotel Herzog Friedrich\" \/>\n<meta property=\"article:modified_time\" content=\"2025-09-18T07:12:02+00:00\" \/>\n<meta name=\"twitter:card\" content=\"summary_large_image\" \/>\n<meta name=\"twitter:label1\" content=\"Estimeret l\u00e6setid\" \/>\n\t<meta name=\"twitter:data1\" content=\"1 minut\" \/>\n<script type=\"application\/ld+json\" class=\"yoast-schema-graph\">{\"@context\":\"https:\/\/schema.org\",\"@graph\":[{\"@type\":\"Article\",\"@id\":\"https:\/\/herzog-friedrich.de\/buchungsanfrage\/#article\",\"isPartOf\":{\"@id\":\"https:\/\/herzog-friedrich.de\/buchungsanfrage\/\"},\"author\":{\"name\":\"ahrens@new-media-works.de\",\"@id\":\"https:\/\/herzog-friedrich.de\/#\/schema\/person\/9395c5f931a823c1845ff65b42f30d12\"},\"headline\":\"Booking Anmodning\",\"datePublished\":\"2016-09-04T17:41:48+00:00\",\"dateModified\":\"2025-09-18T07:12:02+00:00\",\"mainEntityOfPage\":{\"@id\":\"https:\/\/herzog-friedrich.de\/buchungsanfrage\/\"},\"wordCount\":68,\"publisher\":{\"@id\":\"https:\/\/herzog-friedrich.de\/#organization\"},\"inLanguage\":\"da-DK\"},{\"@type\":\"WebPage\",\"@id\":\"https:\/\/herzog-friedrich.de\/buchungsanfrage\/\",\"url\":\"https:\/\/herzog-friedrich.de\/buchungsanfrage\/\",\"name\":\"Buchungsanfrage \u2013 Hotel Herzog Friedrich, Friedrichstadt\",\"isPartOf\":{\"@id\":\"https:\/\/herzog-friedrich.de\/#website\"},\"datePublished\":\"2016-09-04T17:41:48+00:00\",\"dateModified\":\"2025-09-18T07:12:02+00:00\",\"description\":\"{:de}Reservieren Sie Ihr Zimmer im Hotel Herzog Friedrich: Nutzen Sie unser Anfrageformular f\u00fcr Doppel- oder Einzelzimmer. Wir freuen uns auf Ihre Anfrage!{:}\",\"breadcrumb\":{\"@id\":\"https:\/\/herzog-friedrich.de\/buchungsanfrage\/#breadcrumb\"},\"inLanguage\":\"da-DK\",\"potentialAction\":[{\"@type\":\"ReadAction\",\"target\":[\"https:\/\/herzog-friedrich.de\/buchungsanfrage\/\"]}]},{\"@type\":\"BreadcrumbList\",\"@id\":\"https:\/\/herzog-friedrich.de\/buchungsanfrage\/#breadcrumb\",\"itemListElement\":[{\"@type\":\"ListItem\",\"position\":1,\"name\":\"Startseite\",\"item\":\"https:\/\/herzog-friedrich.de\/\"},{\"@type\":\"ListItem\",\"position\":2,\"name\":\"[:de]Buchungsanfrage[:da]Booking Anmodning[:]\"}]},{\"@type\":\"WebSite\",\"@id\":\"https:\/\/herzog-friedrich.de\/#website\",\"url\":\"https:\/\/herzog-friedrich.de\/\",\"name\":\"Hotel Herzog Friedrich\",\"description\":\"&quot;Det er alt g\u00e6stfrihed dybeste betyder, at vi giver p\u00e5 vej til den evige hjemmeholdets fangst.&quot;\",\"publisher\":{\"@id\":\"https:\/\/herzog-friedrich.de\/#organization\"},\"potentialAction\":[{\"@type\":\"SearchAction\",\"target\":{\"@type\":\"EntryPoint\",\"urlTemplate\":\"https:\/\/herzog-friedrich.de\/?s={search_term_string}\"},\"query-input\":{\"@type\":\"PropertyValueSpecification\",\"valueRequired\":true,\"valueName\":\"search_term_string\"}}],\"inLanguage\":\"da-DK\"},{\"@type\":\"Organization\",\"@id\":\"https:\/\/herzog-friedrich.de\/#organization\",\"name\":\"Hotel Herzog Friedrich\",\"url\":\"https:\/\/herzog-friedrich.de\/\",\"logo\":{\"@type\":\"ImageObject\",\"inLanguage\":\"da-DK\",\"@id\":\"https:\/\/herzog-friedrich.de\/#\/schema\/logo\/image\/\",\"url\":\"https:\/\/herzog-friedrich.de\/wp-content\/uploads\/2016\/05\/cropped-hotel-herzog-friedrich-1.png\",\"contentUrl\":\"https:\/\/herzog-friedrich.de\/wp-content\/uploads\/2016\/05\/cropped-hotel-herzog-friedrich-1.png\",\"width\":145,\"height\":202,\"caption\":\"Hotel Herzog Friedrich\"},\"image\":{\"@id\":\"https:\/\/herzog-friedrich.de\/#\/schema\/logo\/image\/\"}},{\"@type\":\"Person\",\"@id\":\"https:\/\/herzog-friedrich.de\/#\/schema\/person\/9395c5f931a823c1845ff65b42f30d12\",\"name\":\"ahrens@new-media-works.de\",\"url\":\"https:\/\/herzog-friedrich.de\/da\/author\/admin_nmw\/\"}]}<\/script>\n<!-- \/ Yoast SEO plugin. -->","yoast_head_json":{"title":"Buchungsanfrage \u2013 Hotel Herzog Friedrich, Friedrichstadt","description":"(Deutsch) Reservieren Sie Ihr Zimmer im Hotel Herzog Friedrich: Nutzen Sie unser Anfrageformular f\u00fcr Doppel- oder Einzelzimmer. Wir freuen uns auf Ihre Anfrage!","robots":{"index":"index","follow":"follow","max-snippet":"max-snippet:-1","max-image-preview":"max-image-preview:large","max-video-preview":"max-video-preview:-1"},"canonical":"https:\/\/herzog-friedrich.de\/buchungsanfrage\/","og_locale":"da_DK","og_type":"article","og_title":"Buchungsanfrage \u2013 Hotel Herzog Friedrich, Friedrichstadt","og_description":"{:de}Reservieren Sie Ihr Zimmer im Hotel Herzog Friedrich: Nutzen Sie unser Anfrageformular f\u00fcr Doppel- oder Einzelzimmer. Wir freuen uns auf Ihre Anfrage!{:}","og_url":"https:\/\/herzog-friedrich.de\/buchungsanfrage\/","og_site_name":"Hotel Herzog Friedrich","article_modified_time":"2025-09-18T07:12:02+00:00","twitter_card":"summary_large_image","twitter_misc":{"Estimeret l\u00e6setid":"1 minut"},"schema":{"@context":"https:\/\/schema.org","@graph":[{"@type":"Article","@id":"https:\/\/herzog-friedrich.de\/buchungsanfrage\/#article","isPartOf":{"@id":"https:\/\/herzog-friedrich.de\/buchungsanfrage\/"},"author":{"name":"ahrens@new-media-works.de","@id":"https:\/\/herzog-friedrich.de\/#\/schema\/person\/9395c5f931a823c1845ff65b42f30d12"},"headline":"Booking Anmodning","datePublished":"2016-09-04T17:41:48+00:00","dateModified":"2025-09-18T07:12:02+00:00","mainEntityOfPage":{"@id":"https:\/\/herzog-friedrich.de\/buchungsanfrage\/"},"wordCount":68,"publisher":{"@id":"https:\/\/herzog-friedrich.de\/#organization"},"inLanguage":"da-DK"},{"@type":"WebPage","@id":"https:\/\/herzog-friedrich.de\/buchungsanfrage\/","url":"https:\/\/herzog-friedrich.de\/buchungsanfrage\/","name":"Buchungsanfrage \u2013 Hotel Herzog Friedrich, Friedrichstadt","isPartOf":{"@id":"https:\/\/herzog-friedrich.de\/#website"},"datePublished":"2016-09-04T17:41:48+00:00","dateModified":"2025-09-18T07:12:02+00:00","description":"{:de}Reservieren Sie Ihr Zimmer im Hotel Herzog Friedrich: Nutzen Sie unser Anfrageformular f\u00fcr Doppel- oder Einzelzimmer. Wir freuen uns auf Ihre Anfrage!{:}","breadcrumb":{"@id":"https:\/\/herzog-friedrich.de\/buchungsanfrage\/#breadcrumb"},"inLanguage":"da-DK","potentialAction":[{"@type":"ReadAction","target":["https:\/\/herzog-friedrich.de\/buchungsanfrage\/"]}]},{"@type":"BreadcrumbList","@id":"https:\/\/herzog-friedrich.de\/buchungsanfrage\/#breadcrumb","itemListElement":[{"@type":"ListItem","position":1,"name":"Startseite","item":"https:\/\/herzog-friedrich.de\/"},{"@type":"ListItem","position":2,"name":"[:de]Buchungsanfrage[:da]Booking Anmodning[:]"}]},{"@type":"WebSite","@id":"https:\/\/herzog-friedrich.de\/#website","url":"https:\/\/herzog-friedrich.de\/","name":"Hotel Herzog Friedrich","description":"&quot;Det er alt g\u00e6stfrihed dybeste betyder, at vi giver p\u00e5 vej til den evige hjemmeholdets fangst.&quot;","publisher":{"@id":"https:\/\/herzog-friedrich.de\/#organization"},"potentialAction":[{"@type":"SearchAction","target":{"@type":"EntryPoint","urlTemplate":"https:\/\/herzog-friedrich.de\/?s={search_term_string}"},"query-input":{"@type":"PropertyValueSpecification","valueRequired":true,"valueName":"search_term_string"}}],"inLanguage":"da-DK"},{"@type":"Organization","@id":"https:\/\/herzog-friedrich.de\/#organization","name":"Hotel Herzog Friedrich","url":"https:\/\/herzog-friedrich.de\/","logo":{"@type":"ImageObject","inLanguage":"da-DK","@id":"https:\/\/herzog-friedrich.de\/#\/schema\/logo\/image\/","url":"https:\/\/herzog-friedrich.de\/wp-content\/uploads\/2016\/05\/cropped-hotel-herzog-friedrich-1.png","contentUrl":"https:\/\/herzog-friedrich.de\/wp-content\/uploads\/2016\/05\/cropped-hotel-herzog-friedrich-1.png","width":145,"height":202,"caption":"Hotel Herzog Friedrich"},"image":{"@id":"https:\/\/herzog-friedrich.de\/#\/schema\/logo\/image\/"}},{"@type":"Person","@id":"https:\/\/herzog-friedrich.de\/#\/schema\/person\/9395c5f931a823c1845ff65b42f30d12","name":"ahrens@new-media-works.de","url":"https:\/\/herzog-friedrich.de\/da\/author\/admin_nmw\/"}]}},"_links":{"self":[{"href":"https:\/\/herzog-friedrich.de\/da\/wp-json\/wp\/v2\/pages\/504","targetHints":{"allow":["GET"]}}],"collection":[{"href":"https:\/\/herzog-friedrich.de\/da\/wp-json\/wp\/v2\/pages"}],"about":[{"href":"https:\/\/herzog-friedrich.de\/da\/wp-json\/wp\/v2\/types\/page"}],"author":[{"embeddable":true,"href":"https:\/\/herzog-friedrich.de\/da\/wp-json\/wp\/v2\/users\/1"}],"replies":[{"embeddable":true,"href":"https:\/\/herzog-friedrich.de\/da\/wp-json\/wp\/v2\/comments?post=504"}],"version-history":[{"count":10,"href":"https:\/\/herzog-friedrich.de\/da\/wp-json\/wp\/v2\/pages\/504\/revisions"}],"predecessor-version":[{"id":1061,"href":"https:\/\/herzog-friedrich.de\/da\/wp-json\/wp\/v2\/pages\/504\/revisions\/1061"}],"wp:attachment":[{"href":"https:\/\/herzog-friedrich.de\/da\/wp-json\/wp\/v2\/media?parent=504"}],"curies":[{"name":"wp","href":"https:\/\/api.w.org\/{rel}","templated":true}]}}