{"id":70,"date":"2016-05-25T23:29:49","date_gmt":"2016-05-25T21:29:49","guid":{"rendered":"https:\/\/herzogfriedrich.wordpress.com\/?page_id=70"},"modified":"2025-09-18T09:11:29","modified_gmt":"2025-09-18T07:11:29","slug":"kontakt","status":"publish","type":"page","link":"https:\/\/herzog-friedrich.de\/da\/kontakt\/","title":{"rendered":"Kontakt"},"content":{"rendered":"<p><strong>S\u00e5 kontakt os p\u00e5<\/strong><br \/>\n<img loading=\"lazy\" decoding=\"async\" class=\"size-medium wp-image-327 alignright\" src=\"http:\/\/herzog-friedrich.de\/wp-content\/uploads\/2016\/05\/P6110553-235x300.jpg\" alt=\"P6110553\" width=\"235\" height=\"300\" \/><br \/>\nVi ser frem til din foresp\u00f8rgsel , forslag eller reservation.<br \/>\nDu kan n\u00e5 os:<\/p>\n<ul>\n<li>telefon (8:00 til 20:00):\u00a0+49 4881-1771<\/li>\n<li>under min mail:\u00a0<a href=\"mailto:info@herzog-friedrich.de\">info@herzog-friedrich.de<\/a><\/li>\n<li>via vores webformular nedenfor<\/li>\n<li>eller personligt her:<br \/>\n<a href=\"http:\/\/herzog-friedrich.de\/anfahrt\/\">Schmiedestr. 11A,<\/a><br \/>\n<a href=\"http:\/\/herzog-friedrich.de\/anfahrt\/\">25840 Friedrichstadt<\/a><\/li>\n<\/ul>\n<p><strong>For en booking foresp\u00f8rgsel dig at bruge vores <a href=\"http:\/\/herzog-friedrich.de\/buchungsanfrage\/\">formularen<\/a>!<\/strong><\/p>\n<hr \/>\n<p>\n<div class=\"wpcf7 no-js\" id=\"wpcf7-f408-o2\" lang=\"de-DE\" dir=\"ltr\" data-wpcf7-id=\"408\">\n<div class=\"screen-reader-response\"><p role=\"status\" aria-live=\"polite\" aria-atomic=\"true\"><\/p> <ul><\/ul><\/div>\n<form action=\"\/da\/wp-json\/wp\/v2\/pages\/70#wpcf7-f408-o2\" method=\"post\" class=\"wpcf7-form init\" aria-label=\"Kontaktformular\" novalidate=\"novalidate\" data-status=\"init\">\n<fieldset class=\"hidden-fields-container\"><input type=\"hidden\" name=\"_wpcf7\" value=\"408\" \/><input type=\"hidden\" name=\"_wpcf7_version\" value=\"6.1.1\" \/><input type=\"hidden\" name=\"_wpcf7_locale\" value=\"de_DE\" \/><input type=\"hidden\" name=\"_wpcf7_unit_tag\" value=\"wpcf7-f408-o2\" \/><input type=\"hidden\" name=\"_wpcf7_container_post\" value=\"0\" \/><input type=\"hidden\" name=\"_wpcf7_posted_data_hash\" value=\"\" \/>\n<\/fieldset>\n<table border=0>\n\t<tr>\n\t\t<td width=200px>\n\t\t\t<p>Din Navn*:\n\t\t\t<\/p>\n\t\t<\/td>\n\t\t<td>\n\t\t\t<p><span class=\"wpcf7-form-control-wrap\" data-name=\"your-name\"><input size=\"35\" maxlength=\"400\" class=\"wpcf7-form-control wpcf7-text wpcf7-validates-as-required\" aria-required=\"true\" aria-invalid=\"false\" value=\"\" type=\"text\" name=\"your-name\" \/><\/span>\n\t\t\t<\/p>\n\t\t<\/td>\n\t<\/tr>\n\t<tr>\n\t\t<td>\n\t\t\t<p>Din e-mail-adresse*:\n\t\t\t<\/p>\n\t\t<\/td>\n\t\t<td>\n\t\t\t<p><span class=\"wpcf7-form-control-wrap\" data-name=\"your-email\"><input size=\"35\" maxlength=\"400\" class=\"wpcf7-form-control wpcf7-email wpcf7-validates-as-required wpcf7-text wpcf7-validates-as-email\" aria-required=\"true\" aria-invalid=\"false\" value=\"\" type=\"email\" name=\"your-email\" \/><\/span>\n\t\t\t<\/p>\n\t\t<\/td>\n\t<\/tr>\n\t<tr>\n\t\t<td>\n\t\t\t<p>Hensyn*:\n\t\t\t<\/p>\n\t\t<\/td>\n\t\t<td>\n\t\t\t<p><span class=\"wpcf7-form-control-wrap\" data-name=\"your-subject\"><input size=\"35\" maxlength=\"400\" class=\"wpcf7-form-control wpcf7-text\" aria-invalid=\"false\" value=\"\" type=\"text\" name=\"your-subject\" \/><\/span>\n\t\t\t<\/p>\n\t\t<\/td>\n\t<\/tr>\n\t<tr>\n\t\t<td>\n\t\t\t<p>Din Besked\n\t\t\t<\/p>\n\t\t<\/td>\n\t\t<td>\n\t\t\t<p><span class=\"wpcf7-form-control-wrap\" data-name=\"your-message\"><textarea cols=\"40\" rows=\"3\" maxlength=\"2000\" class=\"wpcf7-form-control wpcf7-textarea\" aria-invalid=\"false\" name=\"your-message\"><\/textarea><\/span>\n\t\t\t<\/p>\n\t\t<\/td>\n\t<\/tr>\n\t<tr>\n\t\t<td colspan=2>\n\t\t\t<p><span class=\"wpcf7-form-control-wrap\" data-name=\"acceptance-466\"><span class=\"wpcf7-form-control wpcf7-acceptance\"><span class=\"wpcf7-list-item\"><label><input type=\"checkbox\" name=\"acceptance-466\" value=\"1\" aria-invalid=\"false\" \/><span class=\"wpcf7-list-item-label\"><b>Bekr\u00e6ft venligst, at du accepterer opbevaring af dataene!<\/b>\n\nVi vil gerne p\u00e5pege, at ved at sende denne formular, sendes en mail til vores email adresse info@herzog-friedrich.de.Denne email bliver gemt af os i overensstemmelse med vores <a href=\"http:\/\/herzog-friedrich.de\/impressum\/\"> Politik til beskyttelse af personlige oplysninger <\/a>, indtil du er i kontakt med os.<\/span><\/label><\/span><\/span><\/span>\n\t\t\t<\/p>\n\t\t\t<p>&nbsp;\n\t\t\t<\/p>\n\t\t<\/td>\n\t<\/tr>\n\t<tr>\n\t\t<td>\n\t\t\t<p><span id=\"wpcf7-69dea8973ef69-wrapper\" class=\"wpcf7-form-control-wrap website-wrap\" ><input id=\"wpcf7-69dea8973ef69-field\"  placeholder=\"Website\"  class=\"wpcf7-form-control wpcf7-text\" type=\"text\" name=\"website\" value=\"\" size=\"40\" tabindex=\"-1\" autocomplete=\"off\" \/><\/span><br \/>\n<input class=\"wpcf7-form-control wpcf7-submit has-spinner\" type=\"submit\" value=\"sende\" \/>\n\t\t\t<\/p>\n\t\t<\/td>\n\t<\/tr>\n<\/table><div class=\"wpcf7-response-output\" aria-hidden=\"true\"><\/div>\n<\/form>\n<\/div>\n<\/script><\/p>","protected":false},"excerpt":{"rendered":"<p>S\u00e5 kontakt os p\u00e5 Vi ser frem til din foresp\u00f8rgsel , forslag eller reservation. Du kan n\u00e5 os: telefon (8:00 til 20:00):\u00a0+49 4881-1771 under min mail:\u00a0info@herzog-friedrich.de via vores webformular nedenfor eller personligt her: Schmiedestr. 11A, 25840 Friedrichstadt For en booking foresp\u00f8rgsel dig at bruge vores formularen!<\/p>\n","protected":false},"author":1,"featured_media":0,"parent":0,"menu_order":0,"comment_status":"closed","ping_status":"closed","template":"fullwidth-page.php","meta":{"footnotes":""},"class_list":["post-70","page","type-page","status-publish","hentry"],"yoast_head":"<!-- This site is optimized with the Yoast SEO plugin v25.9 - https:\/\/yoast.com\/wordpress\/plugins\/seo\/ -->\n<title>Kontakt \u2013 Hotel Herzog Friedrich, Friedrichstadt<\/title>\n<meta name=\"description\" content=\"(Deutsch) Nehmen Sie Kontakt mit dem Hotel Herzog Friedrich auf: \u27a4 +49 4881-1771, \u27a4 info@herzog-friedrich.de oder \u27a4 Kontaktformular. Wir freuen uns!\" \/>\n<meta name=\"robots\" content=\"index, follow, max-snippet:-1, max-image-preview:large, max-video-preview:-1\" \/>\n<link rel=\"canonical\" href=\"https:\/\/herzog-friedrich.de\/kontakt\/\" \/>\n<meta property=\"og:locale\" content=\"da_DK\" \/>\n<meta property=\"og:type\" content=\"article\" \/>\n<meta property=\"og:title\" content=\"Kontakt \u2013 Hotel Herzog Friedrich, Friedrichstadt\" \/>\n<meta property=\"og:description\" content=\"{:de}Nehmen Sie Kontakt mit dem Hotel Herzog Friedrich auf: \u27a4 +49 4881-1771, \u27a4 info@herzog-friedrich.de oder \u27a4 Kontaktformular. Wir freuen uns!{:}\" \/>\n<meta property=\"og:url\" content=\"https:\/\/herzog-friedrich.de\/kontakt\/\" \/>\n<meta property=\"og:site_name\" content=\"Hotel Herzog Friedrich\" \/>\n<meta property=\"article:modified_time\" content=\"2025-09-18T07:11:29+00:00\" \/>\n<meta property=\"og:image\" content=\"http:\/\/herzog-friedrich.de\/wp-content\/uploads\/2016\/05\/P6110553-235x300.jpg\" \/>\n<meta name=\"twitter:card\" content=\"summary_large_image\" \/>\n<meta name=\"twitter:label1\" content=\"Estimeret l\u00e6setid\" \/>\n\t<meta name=\"twitter:data1\" content=\"1 minut\" \/>\n<script type=\"application\/ld+json\" class=\"yoast-schema-graph\">{\"@context\":\"https:\/\/schema.org\",\"@graph\":[{\"@type\":\"Article\",\"@id\":\"https:\/\/herzog-friedrich.de\/kontakt\/#article\",\"isPartOf\":{\"@id\":\"https:\/\/herzog-friedrich.de\/kontakt\/\"},\"author\":{\"name\":\"ahrens@new-media-works.de\",\"@id\":\"https:\/\/herzog-friedrich.de\/#\/schema\/person\/9395c5f931a823c1845ff65b42f30d12\"},\"headline\":\"Kontakt\",\"datePublished\":\"2016-05-25T21:29:49+00:00\",\"dateModified\":\"2025-09-18T07:11:29+00:00\",\"mainEntityOfPage\":{\"@id\":\"https:\/\/herzog-friedrich.de\/kontakt\/\"},\"wordCount\":109,\"publisher\":{\"@id\":\"https:\/\/herzog-friedrich.de\/#organization\"},\"image\":{\"@id\":\"https:\/\/herzog-friedrich.de\/kontakt\/#primaryimage\"},\"thumbnailUrl\":\"http:\/\/herzog-friedrich.de\/wp-content\/uploads\/2016\/05\/P6110553-235x300.jpg\",\"inLanguage\":\"da-DK\"},{\"@type\":\"WebPage\",\"@id\":\"https:\/\/herzog-friedrich.de\/kontakt\/\",\"url\":\"https:\/\/herzog-friedrich.de\/kontakt\/\",\"name\":\"Kontakt \u2013 Hotel Herzog Friedrich, Friedrichstadt\",\"isPartOf\":{\"@id\":\"https:\/\/herzog-friedrich.de\/#website\"},\"primaryImageOfPage\":{\"@id\":\"https:\/\/herzog-friedrich.de\/kontakt\/#primaryimage\"},\"image\":{\"@id\":\"https:\/\/herzog-friedrich.de\/kontakt\/#primaryimage\"},\"thumbnailUrl\":\"http:\/\/herzog-friedrich.de\/wp-content\/uploads\/2016\/05\/P6110553-235x300.jpg\",\"datePublished\":\"2016-05-25T21:29:49+00:00\",\"dateModified\":\"2025-09-18T07:11:29+00:00\",\"description\":\"{:de}Nehmen Sie Kontakt mit dem Hotel Herzog Friedrich auf: \u27a4 +49 4881-1771, \u27a4 info@herzog-friedrich.de oder \u27a4 Kontaktformular. Wir freuen uns!{:}\",\"breadcrumb\":{\"@id\":\"https:\/\/herzog-friedrich.de\/kontakt\/#breadcrumb\"},\"inLanguage\":\"da-DK\",\"potentialAction\":[{\"@type\":\"ReadAction\",\"target\":[\"https:\/\/herzog-friedrich.de\/kontakt\/\"]}]},{\"@type\":\"ImageObject\",\"inLanguage\":\"da-DK\",\"@id\":\"https:\/\/herzog-friedrich.de\/kontakt\/#primaryimage\",\"url\":\"http:\/\/herzog-friedrich.de\/wp-content\/uploads\/2016\/05\/P6110553-235x300.jpg\",\"contentUrl\":\"http:\/\/herzog-friedrich.de\/wp-content\/uploads\/2016\/05\/P6110553-235x300.jpg\"},{\"@type\":\"BreadcrumbList\",\"@id\":\"https:\/\/herzog-friedrich.de\/kontakt\/#breadcrumb\",\"itemListElement\":[{\"@type\":\"ListItem\",\"position\":1,\"name\":\"Startseite\",\"item\":\"https:\/\/herzog-friedrich.de\/\"},{\"@type\":\"ListItem\",\"position\":2,\"name\":\"Kontakt\"}]},{\"@type\":\"WebSite\",\"@id\":\"https:\/\/herzog-friedrich.de\/#website\",\"url\":\"https:\/\/herzog-friedrich.de\/\",\"name\":\"Hotel Herzog Friedrich\",\"description\":\"&quot;Det er alt g\u00e6stfrihed dybeste betyder, at vi giver p\u00e5 vej til den evige hjemmeholdets fangst.&quot;\",\"publisher\":{\"@id\":\"https:\/\/herzog-friedrich.de\/#organization\"},\"potentialAction\":[{\"@type\":\"SearchAction\",\"target\":{\"@type\":\"EntryPoint\",\"urlTemplate\":\"https:\/\/herzog-friedrich.de\/?s={search_term_string}\"},\"query-input\":{\"@type\":\"PropertyValueSpecification\",\"valueRequired\":true,\"valueName\":\"search_term_string\"}}],\"inLanguage\":\"da-DK\"},{\"@type\":\"Organization\",\"@id\":\"https:\/\/herzog-friedrich.de\/#organization\",\"name\":\"Hotel Herzog Friedrich\",\"url\":\"https:\/\/herzog-friedrich.de\/\",\"logo\":{\"@type\":\"ImageObject\",\"inLanguage\":\"da-DK\",\"@id\":\"https:\/\/herzog-friedrich.de\/#\/schema\/logo\/image\/\",\"url\":\"https:\/\/herzog-friedrich.de\/wp-content\/uploads\/2016\/05\/cropped-hotel-herzog-friedrich-1.png\",\"contentUrl\":\"https:\/\/herzog-friedrich.de\/wp-content\/uploads\/2016\/05\/cropped-hotel-herzog-friedrich-1.png\",\"width\":145,\"height\":202,\"caption\":\"Hotel Herzog Friedrich\"},\"image\":{\"@id\":\"https:\/\/herzog-friedrich.de\/#\/schema\/logo\/image\/\"}},{\"@type\":\"Person\",\"@id\":\"https:\/\/herzog-friedrich.de\/#\/schema\/person\/9395c5f931a823c1845ff65b42f30d12\",\"name\":\"ahrens@new-media-works.de\",\"url\":\"https:\/\/herzog-friedrich.de\/da\/author\/admin_nmw\/\"}]}<\/script>\n<!-- \/ Yoast SEO plugin. -->","yoast_head_json":{"title":"Kontakt \u2013 Hotel Herzog Friedrich, Friedrichstadt","description":"(Deutsch) Nehmen Sie Kontakt mit dem Hotel Herzog Friedrich auf: \u27a4 +49 4881-1771, \u27a4 info@herzog-friedrich.de oder \u27a4 Kontaktformular. Wir freuen uns!","robots":{"index":"index","follow":"follow","max-snippet":"max-snippet:-1","max-image-preview":"max-image-preview:large","max-video-preview":"max-video-preview:-1"},"canonical":"https:\/\/herzog-friedrich.de\/kontakt\/","og_locale":"da_DK","og_type":"article","og_title":"Kontakt \u2013 Hotel Herzog Friedrich, Friedrichstadt","og_description":"{:de}Nehmen Sie Kontakt mit dem Hotel Herzog Friedrich auf: \u27a4 +49 4881-1771, \u27a4 info@herzog-friedrich.de oder \u27a4 Kontaktformular. Wir freuen uns!{:}","og_url":"https:\/\/herzog-friedrich.de\/kontakt\/","og_site_name":"Hotel Herzog Friedrich","article_modified_time":"2025-09-18T07:11:29+00:00","og_image":[{"url":"http:\/\/herzog-friedrich.de\/wp-content\/uploads\/2016\/05\/P6110553-235x300.jpg","type":"","width":"","height":""}],"twitter_card":"summary_large_image","twitter_misc":{"Estimeret l\u00e6setid":"1 minut"},"schema":{"@context":"https:\/\/schema.org","@graph":[{"@type":"Article","@id":"https:\/\/herzog-friedrich.de\/kontakt\/#article","isPartOf":{"@id":"https:\/\/herzog-friedrich.de\/kontakt\/"},"author":{"name":"ahrens@new-media-works.de","@id":"https:\/\/herzog-friedrich.de\/#\/schema\/person\/9395c5f931a823c1845ff65b42f30d12"},"headline":"Kontakt","datePublished":"2016-05-25T21:29:49+00:00","dateModified":"2025-09-18T07:11:29+00:00","mainEntityOfPage":{"@id":"https:\/\/herzog-friedrich.de\/kontakt\/"},"wordCount":109,"publisher":{"@id":"https:\/\/herzog-friedrich.de\/#organization"},"image":{"@id":"https:\/\/herzog-friedrich.de\/kontakt\/#primaryimage"},"thumbnailUrl":"http:\/\/herzog-friedrich.de\/wp-content\/uploads\/2016\/05\/P6110553-235x300.jpg","inLanguage":"da-DK"},{"@type":"WebPage","@id":"https:\/\/herzog-friedrich.de\/kontakt\/","url":"https:\/\/herzog-friedrich.de\/kontakt\/","name":"Kontakt \u2013 Hotel Herzog Friedrich, Friedrichstadt","isPartOf":{"@id":"https:\/\/herzog-friedrich.de\/#website"},"primaryImageOfPage":{"@id":"https:\/\/herzog-friedrich.de\/kontakt\/#primaryimage"},"image":{"@id":"https:\/\/herzog-friedrich.de\/kontakt\/#primaryimage"},"thumbnailUrl":"http:\/\/herzog-friedrich.de\/wp-content\/uploads\/2016\/05\/P6110553-235x300.jpg","datePublished":"2016-05-25T21:29:49+00:00","dateModified":"2025-09-18T07:11:29+00:00","description":"{:de}Nehmen Sie Kontakt mit dem Hotel Herzog Friedrich auf: \u27a4 +49 4881-1771, \u27a4 info@herzog-friedrich.de oder \u27a4 Kontaktformular. Wir freuen uns!{:}","breadcrumb":{"@id":"https:\/\/herzog-friedrich.de\/kontakt\/#breadcrumb"},"inLanguage":"da-DK","potentialAction":[{"@type":"ReadAction","target":["https:\/\/herzog-friedrich.de\/kontakt\/"]}]},{"@type":"ImageObject","inLanguage":"da-DK","@id":"https:\/\/herzog-friedrich.de\/kontakt\/#primaryimage","url":"http:\/\/herzog-friedrich.de\/wp-content\/uploads\/2016\/05\/P6110553-235x300.jpg","contentUrl":"http:\/\/herzog-friedrich.de\/wp-content\/uploads\/2016\/05\/P6110553-235x300.jpg"},{"@type":"BreadcrumbList","@id":"https:\/\/herzog-friedrich.de\/kontakt\/#breadcrumb","itemListElement":[{"@type":"ListItem","position":1,"name":"Startseite","item":"https:\/\/herzog-friedrich.de\/"},{"@type":"ListItem","position":2,"name":"Kontakt"}]},{"@type":"WebSite","@id":"https:\/\/herzog-friedrich.de\/#website","url":"https:\/\/herzog-friedrich.de\/","name":"Hotel Herzog Friedrich","description":"&quot;Det er alt g\u00e6stfrihed dybeste betyder, at vi giver p\u00e5 vej til den evige hjemmeholdets fangst.&quot;","publisher":{"@id":"https:\/\/herzog-friedrich.de\/#organization"},"potentialAction":[{"@type":"SearchAction","target":{"@type":"EntryPoint","urlTemplate":"https:\/\/herzog-friedrich.de\/?s={search_term_string}"},"query-input":{"@type":"PropertyValueSpecification","valueRequired":true,"valueName":"search_term_string"}}],"inLanguage":"da-DK"},{"@type":"Organization","@id":"https:\/\/herzog-friedrich.de\/#organization","name":"Hotel Herzog Friedrich","url":"https:\/\/herzog-friedrich.de\/","logo":{"@type":"ImageObject","inLanguage":"da-DK","@id":"https:\/\/herzog-friedrich.de\/#\/schema\/logo\/image\/","url":"https:\/\/herzog-friedrich.de\/wp-content\/uploads\/2016\/05\/cropped-hotel-herzog-friedrich-1.png","contentUrl":"https:\/\/herzog-friedrich.de\/wp-content\/uploads\/2016\/05\/cropped-hotel-herzog-friedrich-1.png","width":145,"height":202,"caption":"Hotel Herzog Friedrich"},"image":{"@id":"https:\/\/herzog-friedrich.de\/#\/schema\/logo\/image\/"}},{"@type":"Person","@id":"https:\/\/herzog-friedrich.de\/#\/schema\/person\/9395c5f931a823c1845ff65b42f30d12","name":"ahrens@new-media-works.de","url":"https:\/\/herzog-friedrich.de\/da\/author\/admin_nmw\/"}]}},"_links":{"self":[{"href":"https:\/\/herzog-friedrich.de\/da\/wp-json\/wp\/v2\/pages\/70","targetHints":{"allow":["GET"]}}],"collection":[{"href":"https:\/\/herzog-friedrich.de\/da\/wp-json\/wp\/v2\/pages"}],"about":[{"href":"https:\/\/herzog-friedrich.de\/da\/wp-json\/wp\/v2\/types\/page"}],"author":[{"embeddable":true,"href":"https:\/\/herzog-friedrich.de\/da\/wp-json\/wp\/v2\/users\/1"}],"replies":[{"embeddable":true,"href":"https:\/\/herzog-friedrich.de\/da\/wp-json\/wp\/v2\/comments?post=70"}],"version-history":[{"count":10,"href":"https:\/\/herzog-friedrich.de\/da\/wp-json\/wp\/v2\/pages\/70\/revisions"}],"predecessor-version":[{"id":883,"href":"https:\/\/herzog-friedrich.de\/da\/wp-json\/wp\/v2\/pages\/70\/revisions\/883"}],"wp:attachment":[{"href":"https:\/\/herzog-friedrich.de\/da\/wp-json\/wp\/v2\/media?parent=70"}],"curies":[{"name":"wp","href":"https:\/\/api.w.org\/{rel}","templated":true}]}}