{"id":8,"date":"2016-05-25T17:55:07","date_gmt":"2016-05-25T15:55:07","guid":{"rendered":"https:\/\/herzogfriedrich.wordpress.com\/?page_id=4"},"modified":"2025-09-18T09:02:22","modified_gmt":"2025-09-18T07:02:22","slug":"zimmer","status":"publish","type":"page","link":"https:\/\/herzog-friedrich.de\/da\/zimmer\/","title":{"rendered":"Zimmer"},"content":{"rendered":"<p><div id=\"gallery-2\" data-slideshowSpeed=\"2500\"  class=\"gallery-photo-box gallery-photos-box gallery galleryid-8 gallery-columns-5 clearfix\"><div class=\"gallery-row clearfix\"><div class=\"gallery-image gallery-image-1 gallery-image-i-1\"><a class=\"photobox\" rel=\"gallery2\" title=\"Bild\" href=\"http:\/\/herzog-friedrich.de\/wp-content\/uploads\/2016\/05\/IMG-20160601-WA0006.jpg\"><img loading=\"lazy\" decoding=\"async\" width=\"135\" height=\"135\" src=\"https:\/\/herzog-friedrich.de\/wp-content\/uploads\/2016\/05\/IMG-20160601-WA0006-150x150.jpg\" class=\"attachment-thumbnail size-thumbnail\" alt=\"\" \/><\/a><\/div><div class=\"gallery-image gallery-image-2 gallery-image-i-2\"><a class=\"photobox\" rel=\"gallery2\" title=\"Bad\" href=\"http:\/\/herzog-friedrich.de\/wp-content\/uploads\/2016\/06\/3.jpg\"><img loading=\"lazy\" decoding=\"async\" width=\"135\" height=\"135\" src=\"https:\/\/herzog-friedrich.de\/wp-content\/uploads\/2016\/06\/3-150x150.jpg\" class=\"attachment-thumbnail size-thumbnail\" alt=\"\" \/><\/a><\/div><div class=\"gallery-image gallery-image-3 gallery-image-i-3\"><a class=\"photobox\" rel=\"gallery2\" title=\"Bett\" href=\"http:\/\/herzog-friedrich.de\/wp-content\/uploads\/2016\/05\/IMG-20160601-WA0010.jpg\"><img loading=\"lazy\" decoding=\"async\" width=\"135\" height=\"135\" src=\"https:\/\/herzog-friedrich.de\/wp-content\/uploads\/2016\/05\/IMG-20160601-WA0010-150x150.jpg\" class=\"attachment-thumbnail size-thumbnail\" alt=\"\" \/><\/a><\/div><div class=\"gallery-image gallery-image-4 gallery-image-i-4\"><a class=\"photobox\" rel=\"gallery2\" title=\"Bad\" href=\"http:\/\/herzog-friedrich.de\/wp-content\/uploads\/2016\/06\/2.jpg\"><img loading=\"lazy\" decoding=\"async\" width=\"135\" height=\"135\" src=\"https:\/\/herzog-friedrich.de\/wp-content\/uploads\/2016\/06\/2-150x150.jpg\" class=\"attachment-thumbnail size-thumbnail\" alt=\"\" \/><\/a><\/div><div class=\"gallery-image gallery-image-5 gallery-image-i-5\"><a class=\"photobox\" rel=\"gallery2\" title=\"IMG-20160601-WA0005\" href=\"http:\/\/herzog-friedrich.de\/wp-content\/uploads\/2016\/05\/IMG-20160601-WA0005.jpg\"><img loading=\"lazy\" decoding=\"async\" width=\"135\" height=\"135\" src=\"https:\/\/herzog-friedrich.de\/wp-content\/uploads\/2016\/05\/IMG-20160601-WA0005-150x150.jpg\" class=\"attachment-thumbnail size-thumbnail\" alt=\"\" \/><\/a><\/div><br style=\"clear:both;\" \/><\/div><div class=\"gallery-row clearfix\"><div class=\"gallery-image gallery-image-1 gallery-image-i-6\"><a class=\"photobox\" rel=\"gallery2\" title=\"1\" href=\"http:\/\/herzog-friedrich.de\/wp-content\/uploads\/2016\/06\/1.jpg\"><img loading=\"lazy\" decoding=\"async\" width=\"135\" height=\"135\" src=\"https:\/\/herzog-friedrich.de\/wp-content\/uploads\/2016\/06\/1-150x150.jpg\" class=\"attachment-thumbnail size-thumbnail\" alt=\"\" \/><\/a><\/div><br style=\"clear:both;\" \/><\/div><\/div><\/p>\n<p align=\"left\"><strong>Ruhe und Erholung in Friedrichstadt<\/strong><\/p>\n<p>Wir erlauben uns,\u00a0Heinrich Heine zu zitieren: <em>&#8220;Der Schlaf ist doch die k\u00f6stlichste Erfindung&#8221;<\/em>. Dieser Satz ist heute so wahr, wie zu\u00a0Heines Zeiten. Und doch finden wir in unseren Tagen immer weniger Zeit und Mu\u00dfe f\u00fcr erholsamen\u00a0Schlaf. Um so mehr Bedeutung sollte f\u00fcr Sie eine guten Nacht im Urlaub haben.<\/p>\n<p>Unser Hotel m\u00f6chte Ihnen in den wertvollen Tagen Ihres Aufenthaltes bei uns dieses Geschenk machen: schlafen Sie ruhig und entspannt einem neuen Morgen entgegen.<\/p>\n<p><strong>Unserer Zimmer sind Ihr Zuhause<br \/>\n<\/strong><\/p>\n<p>8 sch\u00f6ne Zimmer haben wir f\u00fcr Sie vorbereitet. Gr\u00f6\u00dftenteils Doppelzimmer, die Ihnen aber auf Anfrage auch als Einzelzimmer zur Verf\u00fcgung stehen &#8211; individuell und besonders gestaltet. Verbringen Sie die Stunden bei uns, umgeben von sch\u00f6nen Antiquit\u00e4ten in f\u00fcr Friedrichstadt typischen kleinen Stadth\u00e4usern.<br \/>\nUnd f\u00fcr den\u00a0besonderen Aufenthalt\u00a0zu zweit, zum Beispiel f\u00fcr die Flitterwochen oder den Hochzeitstag, empfehlen wir Ihnen unser Alkoven Zimmer.<\/p>\n<p>Gerne nehmen wir sie auch als Reisegruppe mit bis zu 25 Personen auf.<\/p>\n<p>Bitte fragen Sie uns direkt nach den <strong><a href=\"http:\/\/herzog-friedrich.de\/buchungsanfrage\/\">Buchungsm\u00f6glichkeiten<\/a><\/strong>.<script><\/p>\n<p><\/script><\/p>","protected":false},"excerpt":{"rendered":"<p>Ruhe und Erholung in Friedrichstadt Wir erlauben uns,\u00a0Heinrich Heine zu zitieren: &#8220;Der Schlaf ist doch die k\u00f6stlichste Erfindung&#8221;. Dieser Satz ist heute so wahr, wie zu\u00a0Heines Zeiten. Und doch finden wir in unseren Tagen immer weniger Zeit und Mu\u00dfe f\u00fcr erholsamen\u00a0Schlaf. Um so mehr Bedeutung sollte f\u00fcr Sie eine guten Nacht im Urlaub haben. Unser [&hellip;]<\/p>\n","protected":false},"author":1,"featured_media":184,"parent":0,"menu_order":0,"comment_status":"closed","ping_status":"closed","template":"fullwidth-page.php","meta":{"footnotes":""},"class_list":["post-8","page","type-page","status-publish","has-post-thumbnail","hentry"],"yoast_head":"<!-- This site is optimized with the Yoast SEO plugin v25.9 - https:\/\/yoast.com\/wordpress\/plugins\/seo\/ -->\n<title>Zimmer im Hotel Herzog Friedrich<\/title>\n<meta name=\"description\" content=\"(Deutsch) Individuelle Doppelzimmer, Alkoven-Zimmer &amp; Einzelzimmer inklusive Fr\u00fchst\u00fcck \u2013 Ihr R\u00fcckzugsort in Friedrichstadt an der Nordsee.\" \/>\n<meta name=\"robots\" content=\"index, follow, max-snippet:-1, max-image-preview:large, max-video-preview:-1\" \/>\n<link rel=\"canonical\" href=\"https:\/\/herzog-friedrich.de\/zimmer\/\" \/>\n<meta property=\"og:locale\" content=\"da_DK\" \/>\n<meta property=\"og:type\" content=\"article\" \/>\n<meta property=\"og:title\" content=\"Zimmer im Hotel Herzog Friedrich\" \/>\n<meta property=\"og:description\" content=\"{:de}Individuelle Doppelzimmer, Alkoven-Zimmer &amp; Einzelzimmer inklusive Fr\u00fchst\u00fcck \u2013 Ihr R\u00fcckzugsort in Friedrichstadt an der Nordsee.{:}\" \/>\n<meta property=\"og:url\" content=\"https:\/\/herzog-friedrich.de\/zimmer\/\" \/>\n<meta property=\"og:site_name\" content=\"Hotel Herzog Friedrich\" \/>\n<meta property=\"article:modified_time\" content=\"2025-09-18T07:02:22+00:00\" \/>\n<meta property=\"og:image\" content=\"https:\/\/herzog-friedrich.de\/wp-content\/uploads\/2016\/06\/1.jpg\" \/>\n\t<meta property=\"og:image:width\" content=\"945\" \/>\n\t<meta property=\"og:image:height\" content=\"709\" \/>\n\t<meta property=\"og:image:type\" content=\"image\/jpeg\" \/>\n<meta name=\"twitter:card\" content=\"summary_large_image\" \/>\n<meta name=\"twitter:label1\" content=\"Estimeret l\u00e6setid\" \/>\n\t<meta name=\"twitter:data1\" content=\"2 minutter\" \/>\n<script type=\"application\/ld+json\" class=\"yoast-schema-graph\">{\"@context\":\"https:\/\/schema.org\",\"@graph\":[{\"@type\":\"Article\",\"@id\":\"https:\/\/herzog-friedrich.de\/zimmer\/#article\",\"isPartOf\":{\"@id\":\"https:\/\/herzog-friedrich.de\/zimmer\/\"},\"author\":{\"name\":\"ahrens@new-media-works.de\",\"@id\":\"https:\/\/herzog-friedrich.de\/#\/schema\/person\/9395c5f931a823c1845ff65b42f30d12\"},\"headline\":\"Zimmer\",\"datePublished\":\"2016-05-25T15:55:07+00:00\",\"dateModified\":\"2025-09-18T07:02:22+00:00\",\"mainEntityOfPage\":{\"@id\":\"https:\/\/herzog-friedrich.de\/zimmer\/\"},\"wordCount\":765,\"publisher\":{\"@id\":\"https:\/\/herzog-friedrich.de\/#organization\"},\"image\":{\"@id\":\"https:\/\/herzog-friedrich.de\/zimmer\/#primaryimage\"},\"thumbnailUrl\":\"https:\/\/herzog-friedrich.de\/wp-content\/uploads\/2016\/06\/1.jpg\",\"inLanguage\":\"da-DK\"},{\"@type\":\"WebPage\",\"@id\":\"https:\/\/herzog-friedrich.de\/zimmer\/\",\"url\":\"https:\/\/herzog-friedrich.de\/zimmer\/\",\"name\":\"Zimmer im Hotel Herzog Friedrich\",\"isPartOf\":{\"@id\":\"https:\/\/herzog-friedrich.de\/#website\"},\"primaryImageOfPage\":{\"@id\":\"https:\/\/herzog-friedrich.de\/zimmer\/#primaryimage\"},\"image\":{\"@id\":\"https:\/\/herzog-friedrich.de\/zimmer\/#primaryimage\"},\"thumbnailUrl\":\"https:\/\/herzog-friedrich.de\/wp-content\/uploads\/2016\/06\/1.jpg\",\"datePublished\":\"2016-05-25T15:55:07+00:00\",\"dateModified\":\"2025-09-18T07:02:22+00:00\",\"description\":\"{:de}Individuelle Doppelzimmer, Alkoven-Zimmer & Einzelzimmer inklusive Fr\u00fchst\u00fcck \u2013 Ihr R\u00fcckzugsort in Friedrichstadt an der Nordsee.{:}\",\"breadcrumb\":{\"@id\":\"https:\/\/herzog-friedrich.de\/zimmer\/#breadcrumb\"},\"inLanguage\":\"da-DK\",\"potentialAction\":[{\"@type\":\"ReadAction\",\"target\":[\"https:\/\/herzog-friedrich.de\/zimmer\/\"]}]},{\"@type\":\"ImageObject\",\"inLanguage\":\"da-DK\",\"@id\":\"https:\/\/herzog-friedrich.de\/zimmer\/#primaryimage\",\"url\":\"https:\/\/herzog-friedrich.de\/wp-content\/uploads\/2016\/06\/1.jpg\",\"contentUrl\":\"https:\/\/herzog-friedrich.de\/wp-content\/uploads\/2016\/06\/1.jpg\",\"width\":945,\"height\":709},{\"@type\":\"BreadcrumbList\",\"@id\":\"https:\/\/herzog-friedrich.de\/zimmer\/#breadcrumb\",\"itemListElement\":[{\"@type\":\"ListItem\",\"position\":1,\"name\":\"Startseite\",\"item\":\"https:\/\/herzog-friedrich.de\/\"},{\"@type\":\"ListItem\",\"position\":2,\"name\":\"Zimmer\"}]},{\"@type\":\"WebSite\",\"@id\":\"https:\/\/herzog-friedrich.de\/#website\",\"url\":\"https:\/\/herzog-friedrich.de\/\",\"name\":\"Hotel Herzog Friedrich\",\"description\":\"&quot;Det er alt g\u00e6stfrihed dybeste betyder, at vi giver p\u00e5 vej til den evige hjemmeholdets fangst.&quot;\",\"publisher\":{\"@id\":\"https:\/\/herzog-friedrich.de\/#organization\"},\"potentialAction\":[{\"@type\":\"SearchAction\",\"target\":{\"@type\":\"EntryPoint\",\"urlTemplate\":\"https:\/\/herzog-friedrich.de\/?s={search_term_string}\"},\"query-input\":{\"@type\":\"PropertyValueSpecification\",\"valueRequired\":true,\"valueName\":\"search_term_string\"}}],\"inLanguage\":\"da-DK\"},{\"@type\":\"Organization\",\"@id\":\"https:\/\/herzog-friedrich.de\/#organization\",\"name\":\"Hotel Herzog Friedrich\",\"url\":\"https:\/\/herzog-friedrich.de\/\",\"logo\":{\"@type\":\"ImageObject\",\"inLanguage\":\"da-DK\",\"@id\":\"https:\/\/herzog-friedrich.de\/#\/schema\/logo\/image\/\",\"url\":\"https:\/\/herzog-friedrich.de\/wp-content\/uploads\/2016\/05\/cropped-hotel-herzog-friedrich-1.png\",\"contentUrl\":\"https:\/\/herzog-friedrich.de\/wp-content\/uploads\/2016\/05\/cropped-hotel-herzog-friedrich-1.png\",\"width\":145,\"height\":202,\"caption\":\"Hotel Herzog Friedrich\"},\"image\":{\"@id\":\"https:\/\/herzog-friedrich.de\/#\/schema\/logo\/image\/\"}},{\"@type\":\"Person\",\"@id\":\"https:\/\/herzog-friedrich.de\/#\/schema\/person\/9395c5f931a823c1845ff65b42f30d12\",\"name\":\"ahrens@new-media-works.de\",\"url\":\"https:\/\/herzog-friedrich.de\/da\/author\/admin_nmw\/\"}]}<\/script>\n<!-- \/ Yoast SEO plugin. -->","yoast_head_json":{"title":"Zimmer im Hotel Herzog Friedrich","description":"(Deutsch) Individuelle Doppelzimmer, Alkoven-Zimmer & Einzelzimmer inklusive Fr\u00fchst\u00fcck \u2013 Ihr R\u00fcckzugsort in Friedrichstadt an der Nordsee.","robots":{"index":"index","follow":"follow","max-snippet":"max-snippet:-1","max-image-preview":"max-image-preview:large","max-video-preview":"max-video-preview:-1"},"canonical":"https:\/\/herzog-friedrich.de\/zimmer\/","og_locale":"da_DK","og_type":"article","og_title":"Zimmer im Hotel Herzog Friedrich","og_description":"{:de}Individuelle Doppelzimmer, Alkoven-Zimmer & Einzelzimmer inklusive Fr\u00fchst\u00fcck \u2013 Ihr R\u00fcckzugsort in Friedrichstadt an der Nordsee.{:}","og_url":"https:\/\/herzog-friedrich.de\/zimmer\/","og_site_name":"Hotel Herzog Friedrich","article_modified_time":"2025-09-18T07:02:22+00:00","og_image":[{"width":945,"height":709,"url":"https:\/\/herzog-friedrich.de\/wp-content\/uploads\/2016\/06\/1.jpg","type":"image\/jpeg"}],"twitter_card":"summary_large_image","twitter_misc":{"Estimeret l\u00e6setid":"2 minutter"},"schema":{"@context":"https:\/\/schema.org","@graph":[{"@type":"Article","@id":"https:\/\/herzog-friedrich.de\/zimmer\/#article","isPartOf":{"@id":"https:\/\/herzog-friedrich.de\/zimmer\/"},"author":{"name":"ahrens@new-media-works.de","@id":"https:\/\/herzog-friedrich.de\/#\/schema\/person\/9395c5f931a823c1845ff65b42f30d12"},"headline":"Zimmer","datePublished":"2016-05-25T15:55:07+00:00","dateModified":"2025-09-18T07:02:22+00:00","mainEntityOfPage":{"@id":"https:\/\/herzog-friedrich.de\/zimmer\/"},"wordCount":765,"publisher":{"@id":"https:\/\/herzog-friedrich.de\/#organization"},"image":{"@id":"https:\/\/herzog-friedrich.de\/zimmer\/#primaryimage"},"thumbnailUrl":"https:\/\/herzog-friedrich.de\/wp-content\/uploads\/2016\/06\/1.jpg","inLanguage":"da-DK"},{"@type":"WebPage","@id":"https:\/\/herzog-friedrich.de\/zimmer\/","url":"https:\/\/herzog-friedrich.de\/zimmer\/","name":"Zimmer im Hotel Herzog Friedrich","isPartOf":{"@id":"https:\/\/herzog-friedrich.de\/#website"},"primaryImageOfPage":{"@id":"https:\/\/herzog-friedrich.de\/zimmer\/#primaryimage"},"image":{"@id":"https:\/\/herzog-friedrich.de\/zimmer\/#primaryimage"},"thumbnailUrl":"https:\/\/herzog-friedrich.de\/wp-content\/uploads\/2016\/06\/1.jpg","datePublished":"2016-05-25T15:55:07+00:00","dateModified":"2025-09-18T07:02:22+00:00","description":"{:de}Individuelle Doppelzimmer, Alkoven-Zimmer & Einzelzimmer inklusive Fr\u00fchst\u00fcck \u2013 Ihr R\u00fcckzugsort in Friedrichstadt an der Nordsee.{:}","breadcrumb":{"@id":"https:\/\/herzog-friedrich.de\/zimmer\/#breadcrumb"},"inLanguage":"da-DK","potentialAction":[{"@type":"ReadAction","target":["https:\/\/herzog-friedrich.de\/zimmer\/"]}]},{"@type":"ImageObject","inLanguage":"da-DK","@id":"https:\/\/herzog-friedrich.de\/zimmer\/#primaryimage","url":"https:\/\/herzog-friedrich.de\/wp-content\/uploads\/2016\/06\/1.jpg","contentUrl":"https:\/\/herzog-friedrich.de\/wp-content\/uploads\/2016\/06\/1.jpg","width":945,"height":709},{"@type":"BreadcrumbList","@id":"https:\/\/herzog-friedrich.de\/zimmer\/#breadcrumb","itemListElement":[{"@type":"ListItem","position":1,"name":"Startseite","item":"https:\/\/herzog-friedrich.de\/"},{"@type":"ListItem","position":2,"name":"Zimmer"}]},{"@type":"WebSite","@id":"https:\/\/herzog-friedrich.de\/#website","url":"https:\/\/herzog-friedrich.de\/","name":"Hotel Herzog Friedrich","description":"&quot;Det er alt g\u00e6stfrihed dybeste betyder, at vi giver p\u00e5 vej til den evige hjemmeholdets fangst.&quot;","publisher":{"@id":"https:\/\/herzog-friedrich.de\/#organization"},"potentialAction":[{"@type":"SearchAction","target":{"@type":"EntryPoint","urlTemplate":"https:\/\/herzog-friedrich.de\/?s={search_term_string}"},"query-input":{"@type":"PropertyValueSpecification","valueRequired":true,"valueName":"search_term_string"}}],"inLanguage":"da-DK"},{"@type":"Organization","@id":"https:\/\/herzog-friedrich.de\/#organization","name":"Hotel Herzog Friedrich","url":"https:\/\/herzog-friedrich.de\/","logo":{"@type":"ImageObject","inLanguage":"da-DK","@id":"https:\/\/herzog-friedrich.de\/#\/schema\/logo\/image\/","url":"https:\/\/herzog-friedrich.de\/wp-content\/uploads\/2016\/05\/cropped-hotel-herzog-friedrich-1.png","contentUrl":"https:\/\/herzog-friedrich.de\/wp-content\/uploads\/2016\/05\/cropped-hotel-herzog-friedrich-1.png","width":145,"height":202,"caption":"Hotel Herzog Friedrich"},"image":{"@id":"https:\/\/herzog-friedrich.de\/#\/schema\/logo\/image\/"}},{"@type":"Person","@id":"https:\/\/herzog-friedrich.de\/#\/schema\/person\/9395c5f931a823c1845ff65b42f30d12","name":"ahrens@new-media-works.de","url":"https:\/\/herzog-friedrich.de\/da\/author\/admin_nmw\/"}]}},"_links":{"self":[{"href":"https:\/\/herzog-friedrich.de\/da\/wp-json\/wp\/v2\/pages\/8","targetHints":{"allow":["GET"]}}],"collection":[{"href":"https:\/\/herzog-friedrich.de\/da\/wp-json\/wp\/v2\/pages"}],"about":[{"href":"https:\/\/herzog-friedrich.de\/da\/wp-json\/wp\/v2\/types\/page"}],"author":[{"embeddable":true,"href":"https:\/\/herzog-friedrich.de\/da\/wp-json\/wp\/v2\/users\/1"}],"replies":[{"embeddable":true,"href":"https:\/\/herzog-friedrich.de\/da\/wp-json\/wp\/v2\/comments?post=8"}],"version-history":[{"count":11,"href":"https:\/\/herzog-friedrich.de\/da\/wp-json\/wp\/v2\/pages\/8\/revisions"}],"predecessor-version":[{"id":1038,"href":"https:\/\/herzog-friedrich.de\/da\/wp-json\/wp\/v2\/pages\/8\/revisions\/1038"}],"wp:featuredmedia":[{"embeddable":true,"href":"https:\/\/herzog-friedrich.de\/da\/wp-json\/wp\/v2\/media\/184"}],"wp:attachment":[{"href":"https:\/\/herzog-friedrich.de\/da\/wp-json\/wp\/v2\/media?parent=8"}],"curies":[{"name":"wp","href":"https:\/\/api.w.org\/{rel}","templated":true}]}}